{"id":8,"date":"2024-06-12T09:39:57","date_gmt":"2024-06-12T08:39:57","guid":{"rendered":"https:\/\/ki-lunch.ch\/?page_id=8"},"modified":"2024-09-02T21:10:02","modified_gmt":"2024-09-02T20:10:02","slug":"home","status":"publish","type":"page","link":"https:\/\/ki-lunch.ch\/","title":{"rendered":"KI-Lunch: Fortbildung und Netzwerken zum Thema K\u00fcnstliche Intelligenz!"},"content":{"rendered":"\n<div class=\"wp-block-cover alignfull is-light has-text-color\" style=\"color:#3e3e3e;padding-top:10.7rem;padding-bottom:4.8rem\"><span aria-hidden=\"true\" class=\"wp-block-cover__background has-base-background-color has-background-dim-0 has-background-dim\"><\/span><div class=\"wp-block-cover__inner-container has-global-padding is-layout-constrained wp-container-core-cover-is-layout-1 wp-block-cover-is-layout-constrained\">\n<div class=\"wp-block-group has-global-padding is-layout-constrained wp-container-core-group-is-layout-2 wp-block-group-is-layout-constrained\">\n<h3 class=\"wp-block-heading has-text-align-center has-text-color\" style=\"color:#1f1f1f;margin-bottom:0rem;font-size:clamp(1.696rem, 1.696rem + ((1vw - 0.2rem) * 2.189), 2.9rem);font-style:normal;font-weight:600;line-height:1.2\">Willkommen bei Ki-Lunch!<\/h3>\n\n\n\n<div class=\"wp-block-group has-global-padding is-layout-constrained wp-block-group-is-layout-constrained\" style=\"font-size:clamp(0.875rem, 0.875rem + ((1vw - 0.2rem) * 0.682), 1.25rem);font-style:normal;font-weight:400;line-height:1.5\">\n<p class=\"has-text-align-center has-text-color\" style=\"color:#3e3e3e;margin-top:0px;margin-bottom:0px;font-size:clamp(1.039rem, 1.039rem + ((1vw - 0.2rem) * 1.02), 1.6rem);font-style:normal;font-weight:400;line-height:1.5\">In nur einer Stunde bringen wir Ihnen die Welt der K\u00fcnstlichen Intelligenz mit ChatGPT verst\u00e4ndlich n\u00e4her.<\/p>\n<\/div>\n<\/div>\n<\/div><\/div>\n\n\n\n<div class=\"wp-block-group alignfull has-text-color has-global-padding is-layout-constrained wp-container-core-group-is-layout-5 wp-block-group-is-layout-constrained\" style=\"color:#3e3e3e;margin-top:0px;padding-top:8.01rem;padding-right:1rem;padding-bottom:0rem;padding-left:1rem;font-size:clamp(0.875rem, 0.875rem + ((1vw - 0.2rem) * 0.464), 1.13rem);font-style:normal;font-weight:400;line-height:1.4\">\n<div class=\"wp-block-columns is-layout-flex wp-container-core-columns-is-layout-1 wp-block-columns-is-layout-flex\" style=\"padding-bottom:8.01rem\">\n<div class=\"wp-block-column is-layout-flow wp-block-column-is-layout-flow\" style=\"flex-basis:55%\">\n<h2 class=\"wp-block-heading has-text-align-left has-text-color\" style=\"color:#1f1f1f;margin-bottom:2.19rem;font-size:clamp(1.255rem, 1.255rem + ((1vw - 0.2rem) * 1.373), 2.01rem);font-style:normal;font-weight:600;line-height:1.4\">Unser Ziel:<\/h2>\n\n\n\n<div class=\"wp-block-group has-global-padding is-content-justification-left is-layout-constrained wp-container-core-group-is-layout-3 wp-block-group-is-layout-constrained\">\n<p class=\"has-text-align-left has-text-color\" style=\"color:#3e3e3e;margin-top:0px;margin-bottom:1rem;font-size:clamp(0.875rem, 0.875rem + ((1vw - 0.2rem) * 0.464), 1.13rem);font-style:normal;font-weight:400;line-height:1.6\">Entdecken Sie die Welt der K\u00fcnstlichen Intelligenz auf eine einfache und verst\u00e4ndliche Weise, w\u00e4hrend Sie Ihr working lunch genie\u00dfen.<\/p>\n\n\n\n<p class=\"has-text-align-left has-text-color\" style=\"color:#3e3e3e;margin-top:0px;margin-bottom:1rem;font-size:clamp(0.875rem, 0.875rem + ((1vw - 0.2rem) * 0.464), 1.13rem);font-style:normal;font-weight:400;line-height:1.6\">Ki-Lunch bietet Ihnen und Ihrem Team praxisnahe ChatGPT Workshops, die speziell f\u00fcr Nicht-Techniker entwickelt wurden.<\/p>\n<\/div>\n\n\n\n<h2 class=\"wp-block-heading has-text-align-left has-text-color\" style=\"color:#1f1f1f;margin-bottom:2.19rem;font-size:clamp(1.255rem, 1.255rem + ((1vw - 0.2rem) * 1.373), 2.01rem);font-style:normal;font-weight:600;line-height:1.4\">Ihr Nutzen:<\/h2>\n\n\n\n<div class=\"wp-block-group has-global-padding is-content-justification-left is-layout-constrained wp-container-core-group-is-layout-4 wp-block-group-is-layout-constrained\">\n<p class=\"has-text-align-left has-text-color\" style=\"color:#3e3e3e;margin-top:0px;margin-bottom:1rem;font-size:clamp(0.875rem, 0.875rem + ((1vw - 0.2rem) * 0.464), 1.13rem);font-style:normal;font-weight:400;line-height:1.6\">Beim Ki-Lunch erhalten Sie einen schnellen und einfachen Zugang zu den neuesten Entwicklungen der K\u00fcnstlichen Intelligenz. Unsere Workshops bieten praxisnahe Einblicke und verst\u00e4ndliche Erkl\u00e4rungen. So st\u00e4rken Sie Ihre Effizienz und bleiben im digitalen Wandel stets einen Schritt voraus.<\/p>\n<\/div>\n<\/div>\n\n\n\n<div class=\"wp-block-column is-layout-flow wp-block-column-is-layout-flow\" style=\"flex-basis:45%\">\n<figure class=\"wp-block-image aligncenter size-full is-resized\"><img decoding=\"async\" src=\"https:\/\/tyler.com\/wp-content\/uploads\/2023\/10\/Clay-Home-3rd-Sec-Image.jpeg\" alt=\"\" class=\"wp-image-2924\" style=\"width:526px\"\/><\/figure>\n<\/div>\n<\/div>\n<\/div>\n\n\n\n<section class=\"wp-block-group alignfull has-text-color has-background has-global-padding is-layout-constrained wp-container-core-group-is-layout-6 wp-block-group-is-layout-constrained\" style=\"color:#1f1f1f;background-color:#ece4dd;margin-top:0px;padding-top:4.51rem;padding-right:0rem;padding-bottom:4.51rem;padding-left:0rem\">\n<div class=\"wp-block-columns are-vertically-aligned-center is-layout-flex wp-container-core-columns-is-layout-2 wp-block-columns-is-layout-flex\" style=\"padding-right:1rem;padding-left:1rem\">\n<div class=\"wp-block-column is-vertically-aligned-center is-layout-flow wp-container-core-column-is-layout-3 wp-block-column-is-layout-flow\" style=\"flex-basis:77%\">\n<h2 class=\"wp-block-heading has-text-align-left has-text-color has-link-color wp-elements-8ed4ce4b6b1d050b1387ce94f4fa5497\" style=\"color:#1f1f1f;font-size:clamp(1.743rem, 1.743rem + ((1vw - 0.2rem) * 2.285), 3rem);font-style:normal;font-weight:600;line-height:1.3\">1 Stunde<\/h2>\n\n\n\n<p>Kompakt<\/p>\n<\/div>\n\n\n\n<div class=\"wp-block-column is-vertically-aligned-center is-layout-flow wp-container-core-column-is-layout-4 wp-block-column-is-layout-flow\" style=\"flex-basis:77%\">\n<h2 class=\"wp-block-heading has-text-align-left has-text-color has-link-color wp-elements-b3e1aa1c362f4b63ca49b602098425e1\" style=\"color:#1f1f1f;font-size:clamp(1.743rem, 1.743rem + ((1vw - 0.2rem) * 2.285), 3rem);font-style:normal;font-weight:600;line-height:1.3\">100%<\/h2>\n\n\n\n<p>Verst\u00e4ndlich erkl\u00e4rt<\/p>\n<\/div>\n\n\n\n<div class=\"wp-block-column is-vertically-aligned-center is-layout-flow wp-container-core-column-is-layout-5 wp-block-column-is-layout-flow\" style=\"flex-basis:77%\">\n<h2 class=\"wp-block-heading has-text-align-left has-text-color has-link-color wp-elements-867120b17b31e0b4b4bd1d2e5fb231a3\" style=\"color:#1f1f1f;font-size:clamp(1.743rem, 1.743rem + ((1vw - 0.2rem) * 2.285), 3rem);font-style:normal;font-weight:600;line-height:1.3\">Format<\/h2>\n\n\n\n<p>Interaktiver Workshop<\/p>\n<\/div>\n\n\n\n<div class=\"wp-block-column is-vertically-aligned-center is-layout-flow wp-container-core-column-is-layout-6 wp-block-column-is-layout-flow\" style=\"flex-basis:77%\">\n<h2 class=\"wp-block-heading has-text-align-left has-text-color has-link-color wp-elements-41dc198184d5c24a947278f2458962d4\" style=\"color:#1f1f1f;font-size:clamp(1.743rem, 1.743rem + ((1vw - 0.2rem) * 2.285), 3rem);font-style:normal;font-weight:600;line-height:1.3\">93%<\/h2>\n\n\n\n<p>Praxisnahe Schulung<\/p>\n<\/div>\n\n\n\n<div class=\"wp-block-column is-vertically-aligned-center is-layout-flow wp-container-core-column-is-layout-7 wp-block-column-is-layout-flow\" style=\"flex-basis:77%\">\n<h2 class=\"wp-block-heading has-text-align-left has-text-color has-link-color wp-elements-b3e1aa1c362f4b63ca49b602098425e1\" style=\"color:#1f1f1f;font-size:clamp(1.743rem, 1.743rem + ((1vw - 0.2rem) * 2.285), 3rem);font-style:normal;font-weight:600;line-height:1.3\">100%<\/h2>\n\n\n\n<p>Informativ<\/p>\n<\/div>\n<\/div>\n<\/section>\n\n\n\n<div class=\"wp-block-cover alignfull\" style=\"border-style:none;border-width:0px;margin-top:0;margin-bottom:0;padding-top:1rem;padding-right:1rem;padding-bottom:5rem;padding-left:1em;min-height:500px;aspect-ratio:unset;\"><span aria-hidden=\"true\" class=\"wp-block-cover__background has-black-background-color has-background-dim\"><\/span><img decoding=\"async\" class=\"wp-block-cover__image-background wp-image-321\" alt=\"ki-lunch\" src=\"https:\/\/foxr.ch\/wp-content\/uploads\/2024\/07\/lunch.jpg\" data-object-fit=\"cover\"\/><div class=\"wp-block-cover__inner-container is-layout-flow wp-container-core-cover-is-layout-2 wp-block-cover-is-layout-flow\">\n<p class=\"has-text-align-center has-large-font-size\"><strong>K\u00fcnstliche Intelligenz, verst\u00e4ndlich erkl\u00e4rt, beim Lunch!<\/strong><\/p>\n<\/div><\/div>\n\n\n\n<div class=\"wp-block-group alignfull has-text-color has-global-padding is-layout-constrained wp-container-core-group-is-layout-9 wp-block-group-is-layout-constrained\" style=\"color:#3e3e3e;margin-top:0px;padding-top:8.01rem;padding-right:1rem;padding-bottom:0rem;padding-left:1rem;font-size:clamp(0.875rem, 0.875rem + ((1vw - 0.2rem) * 0.464), 1.13rem);font-style:normal;font-weight:400;line-height:1.4\">\n<div class=\"wp-block-columns is-layout-flex wp-container-core-columns-is-layout-3 wp-block-columns-is-layout-flex\" style=\"padding-bottom:8.01rem\">\n<div class=\"wp-block-column is-layout-flow wp-block-column-is-layout-flow\" style=\"flex-basis:45%\">\n<figure class=\"wp-block-image aligncenter size-full is-resized\"><img loading=\"lazy\" decoding=\"async\" width=\"1200\" height=\"1800\" src=\"https:\/\/ki-lunch.ch\/wp-content\/uploads\/2024\/08\/Andi-portrait.jpg\" alt=\"\" class=\"wp-image-96\" style=\"width:526px\"\/><\/figure>\n<\/div>\n\n\n\n<div class=\"wp-block-column is-layout-flow wp-block-column-is-layout-flow\" style=\"flex-basis:55%\">\n<h2 class=\"wp-block-heading has-text-align-left has-text-color\" style=\"color:#1f1f1f;margin-bottom:2.19rem;font-size:clamp(1.255rem, 1.255rem + ((1vw - 0.2rem) * 1.373), 2.01rem);font-style:normal;font-weight:600;line-height:1.4\">Andi Wolf: \u00dcber mich <\/h2>\n\n\n\n<div class=\"wp-block-group has-global-padding is-content-justification-left is-layout-constrained wp-container-core-group-is-layout-7 wp-block-group-is-layout-constrained\">\n<p class=\"has-text-align-left has-text-color\" style=\"color:#3e3e3e;margin-top:0px;margin-bottom:1rem;font-size:clamp(0.875rem, 0.875rem + ((1vw - 0.2rem) * 0.464), 1.13rem);font-style:normal;font-weight:400;line-height:1.6\">Als gelernter Betriebswirt und \u00d6konom mit \u00fcber 20 Jahren internationaler Erfahrung in der Rohstoffindustrie besch\u00e4ftige ich mich schon lange intensiv mit dem Thema Produktivit\u00e4t. Privat interessiere ich mich dazu seit mehr als einem Jahrzehnt f\u00fcr K\u00fcnstliche Intelligenz (KI). Seit der Ver\u00f6ffentlichung von ChatGPT im November 2022 hat sich der Fortschritt im Bereich KI rasant beschleunigt.<\/p>\n\n\n\n<p class=\"has-text-align-left has-text-color\" style=\"color:#3e3e3e;margin-top:0px;margin-bottom:1rem;font-size:clamp(0.875rem, 0.875rem + ((1vw - 0.2rem) * 0.464), 1.13rem);font-style:normal;font-weight:400;line-height:1.6\">Mein aktueller Fokus liegt auf der spannenden Frage, wie wir KI im Alltag \u2013 sowohl privat als auch beruflich \u2013 nutzen k\u00f6nnen.<\/p>\n<\/div>\n\n\n\n<h2 class=\"wp-block-heading has-text-align-left has-text-color\" style=\"color:#1f1f1f;margin-bottom:2.19rem;font-size:clamp(1.255rem, 1.255rem + ((1vw - 0.2rem) * 1.373), 2.01rem);font-style:normal;font-weight:600;line-height:1.4\">Workshops: <strong>Einf\u00fchrung von KI <\/strong>im Alltag:<\/h2>\n\n\n\n<div class=\"wp-block-group has-global-padding is-content-justification-left is-layout-constrained wp-container-core-group-is-layout-8 wp-block-group-is-layout-constrained\">\n<p class=\"has-text-align-left has-text-color\" style=\"color:#3e3e3e;margin-top:0px;margin-bottom:1rem;font-size:clamp(0.875rem, 0.875rem + ((1vw - 0.2rem) * 0.464), 1.13rem);font-style:normal;font-weight:400;line-height:1.6\">Ich helfe Unternehmen, KI-Tools zu nutzen und somit die Effizienz und Effektivit\u00e4t am Arbeitsplatz zu steigern.<\/p>\n\n\n\n<p>Ich biete eine Vielzahl von Workshops an, die Bewusstsein schaffen, Menschen bef\u00e4higen, Wissen \u00fcber die effektive Nutzung von KI zu erlangen und sie dazu inspirieren, tief in dieses spannende Thema einzutauchen.<\/p>\n\n\n\n<p>Meine Workshops k\u00f6nnen an Ihre spezifischen Anforderungen angepasst werden. Sie sind kurz und pr\u00e4gnant gestaltet, sodass sie f\u00fcr Entscheidungstr\u00e4ger und viel besch\u00e4ftigte Fachleute geeignet sind.<\/p>\n<\/div>\n<\/div>\n<\/div>\n<\/div>\n\n\n\n<section class=\"wp-block-group alignfull has-text-color has-background has-global-padding is-layout-constrained wp-container-core-group-is-layout-11 wp-block-group-is-layout-constrained\" style=\"color:#c90000;background-color:#ece4dd;margin-top:0px;padding-top:4.51rem;padding-right:0rem;padding-bottom:4.51rem;padding-left:0rem\">\n<div class=\"wp-block-columns are-vertically-aligned-center has-text-color has-link-color wp-elements-f1b6caf465bb0c4f14993c5d1c6411e0 is-layout-flex wp-container-core-columns-is-layout-4 wp-block-columns-is-layout-flex\" style=\"color:#da0000;padding-right:1rem;padding-left:1rem\">\n<div class=\"wp-block-column is-vertically-aligned-center is-layout-flow wp-block-column-is-layout-flow\" style=\"flex-basis:77%\">\n<h3 class=\"wp-block-heading has-text-align-left has-text-color has-link-color wp-elements-3d8a31e2cb77e06f0360e0da79717243\" style=\"color:#1f1f1f;font-size:clamp(1.13rem, 1.13rem + ((1vw - 0.2rem) * 1.164), 1.77rem);font-style:normal;font-weight:600;line-height:1.3\">Kontaktieren Sie uns<\/h3>\n<\/div>\n\n\n\n<div class=\"wp-block-column is-vertically-aligned-center is-layout-flow wp-block-column-is-layout-flow\" style=\"flex-basis:23%\">\n<div class=\"wp-block-group has-global-padding is-layout-constrained wp-block-group-is-layout-constrained\"><\/div>\n\n\n\n<div class=\"wp-block-buttons is-layout-flex wp-block-buttons-is-layout-flex\">\n<div class=\"wp-block-button is-style-outline\"><a class=\"wp-block-button__link has-text-color has-background has-link-color wp-element-button\" href=\"mailto:ki-lunch@foxr.ch\" style=\"color:#010101;background-color:#b2b2b2\" target=\"_blank\" rel=\"noreferrer noopener nofollow\">hier:<\/a><\/div>\n<\/div>\n<\/div>\n<\/div>\n<\/section>\n\n\n\n<div class=\"wp-block-cover alignfull is-light has-text-color\" style=\"color:#3e3e3e;padding-top:10.7rem;padding-bottom:4.8rem\"><span aria-hidden=\"true\" class=\"wp-block-cover__background has-base-background-color has-background-dim-0 has-background-dim\"><\/span><div class=\"wp-block-cover__inner-container has-global-padding is-layout-constrained wp-container-core-cover-is-layout-3 wp-block-cover-is-layout-constrained\">\n<div class=\"wp-block-group has-global-padding is-layout-constrained wp-container-core-group-is-layout-13 wp-block-group-is-layout-constrained\">\n<h3 class=\"wp-block-heading has-text-align-center has-text-color\" style=\"color:#1f1f1f;margin-bottom:0rem;font-size:clamp(1.696rem, 1.696rem + ((1vw - 0.2rem) * 2.189), 2.9rem);font-style:normal;font-weight:600;line-height:1.2\">Entdecken Sie unser vielf\u00e4ltiges Kursangebot!<\/h3>\n\n\n\n<div class=\"wp-block-group has-global-padding is-layout-constrained wp-block-group-is-layout-constrained\" style=\"font-size:clamp(0.875rem, 0.875rem + ((1vw - 0.2rem) * 0.682), 1.25rem);font-style:normal;font-weight:400;line-height:1.5\">\n<p class=\"has-text-align-center has-text-color\" style=\"color:#3e3e3e;margin-top:0px;margin-bottom:0px;font-size:clamp(1.039rem, 1.039rem + ((1vw - 0.2rem) * 1.02), 1.6rem);font-style:normal;font-weight:400;line-height:1.5\">Wir bieten eine breite Palette an Kursen an, die speziell darauf ausgelegt sind, Ihre F\u00e4higkeiten und Ihr Wissen im Bereich der K\u00fcnstlichen Intelligenz zu erweitern. Besuchen Sie&nbsp;<a href=\"https:\/\/foxr.ch\" target=\"_blank\" rel=\"noopener\" title=\"\">FOXR.CH<\/a>&nbsp;f\u00fcr weitere Informationen und finden Sie den Kurs, der perfekt zu Ihren Bed\u00fcrfnissen passt.<\/p>\n<\/div>\n<\/div>\n<\/div><\/div>\n","protected":false},"excerpt":{"rendered":"<p>Unser Ziel: Entdecken Sie die Welt der K\u00fcnstlichen Intelligenz auf eine einfache und verst\u00e4ndliche Weise, w\u00e4hrend Sie Ihr working lunch genie\u00dfen. Ki-Lunch bietet Ihnen und Ihrem Team praxisnahe ChatGPT Workshops, die speziell f\u00fcr Nicht-Techniker entwickelt wurden. Ihr Nutzen: Beim Ki-Lunch erhalten Sie einen schnellen und einfachen Zugang zu den neuesten Entwicklungen der K\u00fcnstlichen Intelligenz. Unsere [&hellip;]<\/p>\n","protected":false},"author":1,"featured_media":0,"parent":0,"menu_order":0,"comment_status":"closed","ping_status":"closed","template":"","meta":{"footnotes":""},"aioseo_notices":[],"_links":{"self":[{"href":"https:\/\/ki-lunch.ch\/index.php?rest_route=\/wp\/v2\/pages\/8"}],"collection":[{"href":"https:\/\/ki-lunch.ch\/index.php?rest_route=\/wp\/v2\/pages"}],"about":[{"href":"https:\/\/ki-lunch.ch\/index.php?rest_route=\/wp\/v2\/types\/page"}],"author":[{"embeddable":true,"href":"https:\/\/ki-lunch.ch\/index.php?rest_route=\/wp\/v2\/users\/1"}],"replies":[{"embeddable":true,"href":"https:\/\/ki-lunch.ch\/index.php?rest_route=%2Fwp%2Fv2%2Fcomments&post=8"}],"version-history":[{"count":32,"href":"https:\/\/ki-lunch.ch\/index.php?rest_route=\/wp\/v2\/pages\/8\/revisions"}],"predecessor-version":[{"id":98,"href":"https:\/\/ki-lunch.ch\/index.php?rest_route=\/wp\/v2\/pages\/8\/revisions\/98"}],"wp:attachment":[{"href":"https:\/\/ki-lunch.ch\/index.php?rest_route=%2Fwp%2Fv2%2Fmedia&parent=8"}],"curies":[{"name":"wp","href":"https:\/\/api.w.org\/{rel}","templated":true}]}}