{"id":88,"date":"2024-07-06T06:32:21","date_gmt":"2024-07-06T05:32:21","guid":{"rendered":"https:\/\/ki-lunch.ch\/?page_id=88"},"modified":"2024-09-06T05:24:32","modified_gmt":"2024-09-06T04:24:32","slug":"impressum","status":"publish","type":"page","link":"https:\/\/ki-lunch.ch\/?page_id=88","title":{"rendered":"Impressum"},"content":{"rendered":"\n<p><strong>Ki-Lunch<\/strong><br><strong>eine Division der FOXR GmbH<\/strong><br>Witikonerstrasse 15<br>CH-8032 Z\u00fcrich<br>Schweiz<\/p>\n\n\n\n<p><strong>Kontakt:<\/strong><br>Telefon:\u00a0 +41 76 746 9222<br>E-Mail: info@ki-lunch.ch<br>Internetadresse: www.ki-lunch.ch<\/p>\n\n\n\n<p><strong>Registereintrag:<\/strong><br>Eintragung im Handelsregister.<br>Eingetragener Firmenname: FOXR GmbH<br>Registergericht: Kanton Z\u00fcrich<br>Unternehmens-Identifikationsnummer (UID): CH-342.304.298<br><br>Unternehmenssitz: Z\u00fcrich<br><br>Gesch\u00e4ftsf\u00fchrer: Andreas Wolf<br>Verantwortlich f\u00fcr den Inhalt: Andreas Wolf<\/p>\n","protected":false},"excerpt":{"rendered":"<p>Ki-Luncheine Division der FOXR GmbHWitikonerstrasse 15CH-8032 Z\u00fcrichSchweiz Kontakt:Telefon:\u00a0 +41 76 746 9222E-Mail: info@ki-lunch.chInternetadresse: www.ki-lunch.ch Registereintrag:Eintragung im Handelsregister.Eingetragener Firmenname: FOXR GmbHRegistergericht: Kanton Z\u00fcrichUnternehmens-Identifikationsnummer (UID): CH-342.304.298 Unternehmenssitz: Z\u00fcrich Gesch\u00e4ftsf\u00fchrer: Andreas WolfVerantwortlich f\u00fcr den Inhalt: Andreas Wolf<\/p>\n","protected":false},"author":1,"featured_media":0,"parent":0,"menu_order":0,"comment_status":"closed","ping_status":"closed","template":"","meta":{"footnotes":""},"aioseo_notices":[],"_links":{"self":[{"href":"https:\/\/ki-lunch.ch\/index.php?rest_route=\/wp\/v2\/pages\/88"}],"collection":[{"href":"https:\/\/ki-lunch.ch\/index.php?rest_route=\/wp\/v2\/pages"}],"about":[{"href":"https:\/\/ki-lunch.ch\/index.php?rest_route=\/wp\/v2\/types\/page"}],"author":[{"embeddable":true,"href":"https:\/\/ki-lunch.ch\/index.php?rest_route=\/wp\/v2\/users\/1"}],"replies":[{"embeddable":true,"href":"https:\/\/ki-lunch.ch\/index.php?rest_route=%2Fwp%2Fv2%2Fcomments&post=88"}],"version-history":[{"count":2,"href":"https:\/\/ki-lunch.ch\/index.php?rest_route=\/wp\/v2\/pages\/88\/revisions"}],"predecessor-version":[{"id":100,"href":"https:\/\/ki-lunch.ch\/index.php?rest_route=\/wp\/v2\/pages\/88\/revisions\/100"}],"wp:attachment":[{"href":"https:\/\/ki-lunch.ch\/index.php?rest_route=%2Fwp%2Fv2%2Fmedia&parent=88"}],"curies":[{"name":"wp","href":"https:\/\/api.w.org\/{rel}","templated":true}]}}