{"id":90,"date":"2024-07-06T06:33:17","date_gmt":"2024-07-06T05:33:17","guid":{"rendered":"https:\/\/ki-lunch.ch\/?page_id=90"},"modified":"2024-07-06T06:33:18","modified_gmt":"2024-07-06T05:33:18","slug":"datenschutz","status":"publish","type":"page","link":"https:\/\/ki-lunch.ch\/?page_id=90","title":{"rendered":"Datenschutz"},"content":{"rendered":"\n<p>Gest\u00fctzt auf Artikel 13 der schweizerischen Bundesverfassung&nbsp; und die datenschutzrechtlichen Bestimmungen des Bundes (Datenschutzgesetz, DSG)&nbsp; hat jede Person Anspruch auf Schutz ihrer Privatsph\u00e4re sowie auf Schutz vor&nbsp; Missbrauch ihrer pers\u00f6nlichen Daten. Wir halten diese Bestimmungen ein.&nbsp;Wir legen grossen Wert auf den Schutz Ihrer personenbezogenen Daten. Pers\u00f6nliche Daten werden streng vertraulich behandelt und weder an Dritte&nbsp; verkauft noch weiter gegeben.&nbsp;In enger Zusammenarbeit mit unseren Hosting-Providern&nbsp; bem\u00fchen wir uns, die Datenbanken so gut wie m\u00f6glich vor fremden Zugriffen, Verlusten,&nbsp; Missbrauch oder vor F\u00e4lschung zu sch\u00fctzen.<br>Beim Zugriff auf unsere Webseiten werden folgende Daten in&nbsp; Logfiles gespeichert: IP-Adresse, Datum, Uhrzeit, Browser-Anfrage und allg.&nbsp; \u00fcbertragene Informationen zum Betriebssystem resp. Browser. Diese Nutzungsdaten bilden die Basis f\u00fcr statistische, anonyme Auswertungen, so dass Trends erkennbar sind, anhand derer wir unsere Angebote entsprechend verbessern&nbsp; k\u00f6nnen.<\/p>\n\n\n\n<p>Datenschutzerkl\u00e4rung f\u00fcr die Nutzung von Google Analytics<br>Diese Website benutzt Google Analytics, einen Webanalysedienst der Google Inc. (\u201cGoogle\u201d). Google Analytics verwendet sog.&nbsp; \u201cCookies\u201d, Textdateien, die auf Ihrem Computer gespeichert werden und&nbsp; die eine Analyse der Benutzung der Website durch Sie erm\u00f6glichen. Die durch den Cookie erzeugten Informationen \u00fcber Ihre Benutzung dieser Website werden in der&nbsp; Regel an einen Server von Google in den USA \u00fcbertragen und dort gespeichert. Im Falle der Aktivierung der IP-Anonymisierung auf dieser Webseite wird Ihre IP-Adresse von Google jedoch innerhalb von Mitgliedstaaten der Europ\u00e4ischen Union oder in anderen Vertragsstaaten des Abkommens \u00fcber den Europ\u00e4ischen Wirtschaftsraum zuvor gek\u00fcrzt.<br>Nur in Ausnahmef\u00e4llen wird die volle IP-Adresse an einen Server von Google in den USA \u00fcbertragen und dort gek\u00fcrzt. Google wird diese Informationen benutzen, um Ihre Nutzung der Website auszuwerten, um Reports&nbsp; \u00fcber die Websiteaktivit\u00e4ten f\u00fcr die Websitebetreiber zusammenzustellen und um weitere mit der Websitenutzung und der Internetnutzung verbundene Dienstleistungen zu erbringen. Auch wird Google diese Informationen&nbsp; gegebenenfalls an Dritte \u00fcbertragen, sofern dies gesetzlich vorgeschrieben oder soweit Dritte diese Daten im Auftrag von Google verarbeiten. Die im Rahmen von Google Analytics von Ihrem Browser \u00fcbermittelte IP-Adresse wird&nbsp; nicht mit anderen Daten von Google zusammengef\u00fchrt.&nbsp;Sie k\u00f6nnen die Installation der Cookies durch eine&nbsp; entsprechende Einstellung Ihrer Browser Software verhindern; wir weisen Sie jedoch darauf hin, dass Sie in diesem Fall gegebenenfalls nicht s\u00e4mtliche&nbsp; Funktionen dieser Website voll umf\u00e4nglich nutzen k\u00f6nnen. Durch&nbsp; die Nutzung dieser Website erkl\u00e4ren Sie sich mit der Bearbeitung der \u00fcber Sie&nbsp; erhobenen Daten durch Google in der zuvor beschriebenen Art und Weise und zu&nbsp; dem zuvor benannten Zweck einverstanden.<\/p>\n\n\n\n<p>Datenschutzerkl\u00e4rung f\u00fcr die Nutzung von Twitter<br>Auf unseren Seiten sind Funktionen des Dienstes Twitter eingebunden. Diese Funktionen werden angeboten durch die Twitter Inc., 795 Folsom St., Suite&nbsp; 600, San Francisco, CA 94107, USA. Durch das Benutzen von Twitter und der Funktion \u201cRe-Tweet\u201d werden die von Ihnen besuchten Webseiten mit Ihrem Twitter-Account verkn\u00fcpft und anderen Nutzern bekannt gegeben. Dabei werden u.a. Daten wie IP-Adresse, Browsertyp, aufgerufene Domains, besuchte&nbsp; Seiten, Mobilfunkanbieter, Ger\u00e4te- und Applikations-IDs und Suchbegriffe an&nbsp; Twitter \u00fcbertragen.&nbsp;Wir weisen darauf hin, dass wir als Anbieter der Seiten keine Kenntnis vom Inhalt der \u00fcbermittelten Daten sowie deren Nutzung durch Twitter erhalten. Aufgrund&nbsp; laufender Aktualisierung der Datenschutzerkl\u00e4rung von Twitter, weisen wir auf die aktuellste Version unter (http:\/\/twitter.com\/privacy) hin.<br>Ihre&nbsp; Datenschutzeinstellungen bei Twitter k\u00f6nnen Sie in den Konto-Einstellungen unter http:\/\/twitter.com\/account\/settings \u00e4ndern. Bei Fragen wenden Sie sich an&nbsp; privacy@twitter.com<\/p>\n","protected":false},"excerpt":{"rendered":"<p>Gest\u00fctzt auf Artikel 13 der schweizerischen Bundesverfassung&nbsp; und die datenschutzrechtlichen Bestimmungen des Bundes (Datenschutzgesetz, DSG)&nbsp; hat jede Person Anspruch auf Schutz ihrer Privatsph\u00e4re sowie auf Schutz vor&nbsp; Missbrauch ihrer pers\u00f6nlichen Daten. Wir halten diese Bestimmungen ein.&nbsp;Wir legen grossen Wert auf den Schutz Ihrer personenbezogenen Daten. Pers\u00f6nliche Daten werden streng vertraulich behandelt und weder an Dritte&nbsp; [&hellip;]<\/p>\n","protected":false},"author":1,"featured_media":0,"parent":0,"menu_order":0,"comment_status":"closed","ping_status":"closed","template":"","meta":{"footnotes":""},"aioseo_notices":[],"_links":{"self":[{"href":"https:\/\/ki-lunch.ch\/index.php?rest_route=\/wp\/v2\/pages\/90"}],"collection":[{"href":"https:\/\/ki-lunch.ch\/index.php?rest_route=\/wp\/v2\/pages"}],"about":[{"href":"https:\/\/ki-lunch.ch\/index.php?rest_route=\/wp\/v2\/types\/page"}],"author":[{"embeddable":true,"href":"https:\/\/ki-lunch.ch\/index.php?rest_route=\/wp\/v2\/users\/1"}],"replies":[{"embeddable":true,"href":"https:\/\/ki-lunch.ch\/index.php?rest_route=%2Fwp%2Fv2%2Fcomments&post=90"}],"version-history":[{"count":1,"href":"https:\/\/ki-lunch.ch\/index.php?rest_route=\/wp\/v2\/pages\/90\/revisions"}],"predecessor-version":[{"id":91,"href":"https:\/\/ki-lunch.ch\/index.php?rest_route=\/wp\/v2\/pages\/90\/revisions\/91"}],"wp:attachment":[{"href":"https:\/\/ki-lunch.ch\/index.php?rest_route=%2Fwp%2Fv2%2Fmedia&parent=90"}],"curies":[{"name":"wp","href":"https:\/\/api.w.org\/{rel}","templated":true}]}}